{"id":10,"date":"2009-09-19T22:05:24","date_gmt":"2009-09-19T19:05:24","guid":{"rendered":"http:\/\/rein.saratow.ee\/wordpress\/?page_id=10"},"modified":"2023-05-17T14:25:14","modified_gmt":"2023-05-17T11:25:14","slug":"galerii","status":"publish","type":"page","link":"https:\/\/www.sisekujundus.eu\/?page_id=10","title":{"rendered":"Looming"},"content":{"rendered":"<p><span style=\"font-size: 11px; line-height: normal;\">Tehtud t\u00f6\u00f6d\u00a0 \u00a0\u00fclevaade v.t. <\/span><span style=\"font-size: 11px; color: initial;\">heldirebane.wordpress.com<\/span><\/p>\n<p><span style=\"font-size: 11px; line-height: normal;\">. Maja Tallinn\/2023<br \/>\n. Korter P\u00e4rnus\/t\u00f6\u00f6s2022<br \/>\n. Maja P\u00e4rnus\/2022<br \/>\n. Korter Tallinn\/ t\u00f6\u00f6s<br \/>\n. Maja Viljandis\/2021<br \/>\n. Maja Tallinnas\/ t\u00f6\u00f6s<br \/>\n. Maja Haapsalus\/t\u00f6\u00f6s<br \/>\n. Maja\u00a0 Tallinnas Pirital 2020\/2021<br \/>\n. Paarismaja sisekujundus P\u00e4rnu 2020<br \/>\n<\/span><span style=\"font-size: 11px; line-height: normal;\">. Autode hooldus, salong ja b\u00fcrooruumid P\u00e4rnu 2020<br \/>\n. Korter P\u00e4rnus 2020<br \/>\n. Maja Tammistes 2019\/2020<br \/>\n. Maja Tallinnas N\u00f5mmel 2019\/2020<br \/>\n<\/span><span style=\"font-size: 11px; line-height: normal;\">. Arendus Vesiroosi Kodud 2020<br \/>\n. Arendus Aisa Kodud 2019\/2020<br \/>\n. Autokeskus Autospirit Tartu 2019<br \/>\n<\/span><span style=\"font-size: 11px; line-height: normal;\">. Balti Trafo kontor\u00a0 2018<br \/>\n. Maja\u00a0 P\u00e4rnus 2018<br \/>\n. Korterid Lille t\u00e4nava kortermajas 2018<br \/>\n. Kortermaja Rohu , P\u00e4rnus 2018<br \/>\n. Maja Tallinnas Pirital\/t\u00f6\u00f6s<br \/>\n<\/span><span style=\"font-size: 11px; line-height: normal;\">. Silbearauto juurdeehitus P\u00e4rnu 2018<br \/>\n. K\u00fclalistemaja P\u00e4rnus 2018<br \/>\n<\/span><span style=\"font-size: 11px; line-height: normal;\">. Korter P\u00e4rnus 2018<br \/>\n. Korter p\u00e4rnus 2018<br \/>\n. Tori P\u00f5hikooli \u00f5ppekekskkonna kaasajastamise projekt 2017<br \/>\n. Laste m\u00e4ngumaa Tartu L\u00f5unakeskus 2017<br \/>\n. Korter Tallinnas 2017<br \/>\n. Korter P\u00e4rnus 2017<br \/>\n. Maja Viljandis\/t\u00f6\u00f6s<br \/>\n. Maja P\u00e4rnus 2016<br \/>\n. Tallinnna Haridusameti n\u00f5upidamiste saal 2015<br \/>\n. Laste M\u00e4ngumaa Klotsibuum Tallinnas Arsenali Keskuses 2016<br \/>\n. Maja P\u00e4rnus 2015<br \/>\n<\/span><span style=\"font-size: 11px; line-height: normal;\">. Korter Tallinnas 2015<br \/>\n. Maja P\u00e4rnumaal 2015<br \/>\n.Kauplus Grete Kuressares 2014<br \/>\n. Laste M\u00e4ngumaa Narvas Fama Keskuses<br \/>\n. Laste M\u00e4ngumaa Galaktikum Narvas \u00a0uues \u00a0Astri \u00a0keskuses 2014<br \/>\n. Maja Viljandis 2014<br \/>\n. Korter Tallinnas 2014<br \/>\n. Korter P\u00e4rnus 2013<br \/>\n. Maja P\u00e4rnumaal 2013<br \/>\n<\/span><span style=\"font-size: 11px; line-height: normal;\">. Korter Tallinnas 2013<br \/>\n. Laste M\u00e4ngumaa M\u00e4ngudzungel P\u00e4rnu Keskuses 2012<\/span><br style=\"font-size: 11px; line-height: normal;\" \/><span style=\"font-size: 11px; line-height: normal;\">. Elamu P\u00e4rnus 2012<\/span><br style=\"font-size: 11px; line-height: normal;\" \/><span style=\"font-size: 11px; line-height: normal;\">. M\u00e4ngudetuba Tervise Paradiis 2012<\/span><br style=\"font-size: 11px; line-height: normal;\" \/><span style=\"font-size: 11px; line-height: normal;\">. Elamu P\u00e4rnus 2011<\/span><br style=\"font-size: 11px; line-height: normal;\" \/><span style=\"font-size: 11px; line-height: normal;\">. Kauplus Swing Tartus 2011<br \/>\n. Roosata Puhkek\u00fcla kaminasaal ja s\u00f6\u00f6gisaal 2011<\/span><br style=\"font-size: 11px; line-height: normal;\" \/><span style=\"font-size: 11px; line-height: normal;\">. Korter P\u00e4rnus 2011<\/span><br style=\"font-size: 11px; line-height: normal;\" \/><span style=\"font-size: 11px; line-height: normal;\">. Rapla Turismiinfopunkt 2010<\/span><br style=\"font-size: 11px; line-height: normal;\" \/><span style=\"font-size: 11px; line-height: normal;\">. Spordipood AK \u00a0P\u00e4rnus 2010<\/span><br style=\"font-size: 11px; line-height: normal;\" \/><span style=\"font-size: 11px; line-height: normal;\">. Elamu Allik\u00f5nnul 2010<\/span><br style=\"font-size: 11px; line-height: normal;\" \/><span style=\"font-size: 11px; line-height: normal;\">. Kingakauplus P\u00e4rnus 2010<\/span><br style=\"font-size: 11px; line-height: normal;\" \/><span style=\"font-size: 11px; line-height: normal;\">. T\u00dc Raamatukogu kohvik\u00a0Gaudeamus 2009<\/span><br style=\"font-size: 11px; line-height: normal;\" \/><span style=\"font-size: 11px; line-height: normal;\">. Korter P\u00e4rnus 2009<\/span><br style=\"font-size: 11px; line-height: normal;\" \/><span style=\"font-size: 11px; line-height: normal;\">. Eduard Vilde Lokaal Tartus 2009<\/span><br style=\"font-size: 11px; line-height: normal;\" \/><span style=\"font-size: 11px; line-height: normal;\">. Kauplus P\u00e4rnu Keskuses 2009<\/span><br style=\"font-size: 11px; line-height: normal;\" \/><span style=\"font-size: 11px; line-height: normal;\">. Maamaja Saaremaal 2010<\/span><br style=\"font-size: 11px; line-height: normal;\" \/><span style=\"font-size: 11px; line-height: normal;\">. Elamu Viljandis 2008<\/span><br style=\"font-size: 11px; line-height: normal;\" \/><span style=\"font-size: 11px; line-height: normal;\">. VMT Kontor Viljandis 2008<\/span><br style=\"font-size: 11px; line-height: normal;\" \/><span style=\"font-size: 11px; line-height: normal;\">. Elamu P\u00e4rnus 2008<\/span><br style=\"font-size: 11px; line-height: normal;\" \/><span style=\"font-size: 11px; line-height: normal;\">. Maamaja Saaremaal 2008<\/span><br style=\"font-size: 11px; line-height: normal;\" \/><span style=\"font-size: 11px; line-height: normal;\">. Tartu hotelli kohviku uuendusprojekt 2008<\/span><br style=\"font-size: 11px; line-height: normal;\" \/><span style=\"font-size: 11px; line-height: normal;\">. Palksaun P\u00e4rnus 2008<\/span><br style=\"font-size: 11px; line-height: normal;\" \/><span style=\"font-size: 11px; line-height: normal;\">. Elamu P\u00e4rnus 2007<\/span><br style=\"font-size: 11px; line-height: normal;\" \/><span style=\"font-size: 11px; line-height: normal;\">. \u00d6\u00f6klubi Sugar P\u00e4rnus 2007<\/span><br style=\"font-size: 11px; line-height: normal;\" \/><span style=\"font-size: 11px; line-height: normal;\">. Elamu Tammistes 2007<\/span><br style=\"font-size: 11px; line-height: normal;\" \/><span style=\"font-size: 11px; line-height: normal;\">. Kohvik Bravo lP\u00e4rnus 2007<\/span><br style=\"font-size: 11px; line-height: normal;\" \/><span style=\"font-size: 11px; line-height: normal;\">. Hotell Reiu \/valmis projekt\/2007<\/span><br style=\"font-size: 11px; line-height: normal;\" \/><span style=\"font-size: 11px; line-height: normal;\">. Elamu Viljandis 2006<\/span><br style=\"font-size: 11px; line-height: normal;\" \/><span style=\"font-size: 11px; line-height: normal;\">. Korter P\u00e4rnus 2006<\/span><br style=\"font-size: 11px; line-height: normal;\" \/><span style=\"font-size: 11px; line-height: normal;\">. \u00d6\u00f6lubi Bravo P\u00e4rnus 2005<\/span><\/p>\n","protected":false},"excerpt":{"rendered":"<p>Tehtud t\u00f6\u00f6d\u00a0 \u00a0\u00fclevaade v.t. heldirebane.wordpress.com . Maja Tallinn\/2023 . Korter P\u00e4rnus\/t\u00f6\u00f6s2022 . Maja P\u00e4rnus\/2022 . Korter Tallinn\/ t\u00f6\u00f6s . Maja Viljandis\/2021 . Maja Tallinnas\/ t\u00f6\u00f6s . Maja Haapsalus\/t\u00f6\u00f6s . Maja\u00a0 Tallinnas Pirital 2020\/2021 . Paarismaja sisekujundus P\u00e4rnu 2020 . Autode hooldus, salong ja b\u00fcrooruumid P\u00e4rnu 2020 . Korter P\u00e4rnus 2020&#8230;<\/p>\n","protected":false},"author":1,"featured_media":0,"parent":0,"menu_order":0,"comment_status":"closed","ping_status":"open","template":"","meta":{"footnotes":""},"class_list":["post-10","page","type-page","status-publish","hentry"],"_links":{"self":[{"href":"https:\/\/www.sisekujundus.eu\/index.php?rest_route=\/wp\/v2\/pages\/10","targetHints":{"allow":["GET"]}}],"collection":[{"href":"https:\/\/www.sisekujundus.eu\/index.php?rest_route=\/wp\/v2\/pages"}],"about":[{"href":"https:\/\/www.sisekujundus.eu\/index.php?rest_route=\/wp\/v2\/types\/page"}],"author":[{"embeddable":true,"href":"https:\/\/www.sisekujundus.eu\/index.php?rest_route=\/wp\/v2\/users\/1"}],"replies":[{"embeddable":true,"href":"https:\/\/www.sisekujundus.eu\/index.php?rest_route=%2Fwp%2Fv2%2Fcomments&post=10"}],"version-history":[{"count":73,"href":"https:\/\/www.sisekujundus.eu\/index.php?rest_route=\/wp\/v2\/pages\/10\/revisions"}],"predecessor-version":[{"id":461,"href":"https:\/\/www.sisekujundus.eu\/index.php?rest_route=\/wp\/v2\/pages\/10\/revisions\/461"}],"wp:attachment":[{"href":"https:\/\/www.sisekujundus.eu\/index.php?rest_route=%2Fwp%2Fv2%2Fmedia&parent=10"}],"curies":[{"name":"wp","href":"https:\/\/api.w.org\/{rel}","templated":true}]}}