{"id":11,"date":"2009-09-19T21:07:22","date_gmt":"2009-09-19T18:07:22","guid":{"rendered":"http:\/\/rein.saratow.ee\/wordpress\/?page_id=11"},"modified":"2026-01-19T16:17:14","modified_gmt":"2026-01-19T13:17:14","slug":"kontakt","status":"publish","type":"page","link":"https:\/\/www.sisekujundus.eu\/?page_id=11","title":{"rendered":"Kontakt"},"content":{"rendered":"<p style=\"text-align: justify;\">V\u00f5ite tellida nii sisekujunduse terviklahenduse koos projekti teostamise ja j\u00e4relvalvega<br \/>\nkui ka projekti erinevatele \u00fcksikosadele<br \/>\n\/nt. ruumide planeerimine, v\u00e4rvide valik\/.<br \/>\nIga projekt on individuaalne ning\u00a0 t\u00f6\u00f6 maht s\u00f5ltub kujundatava pinna suurusest, ruumide arvust,<br \/>\notstarbest, \u00fclesannete mahust ja keerukusest.<br \/>\nKa konsultatisooni andmiseks on vajalik<br \/>\nruumi ja p\u00f5hiplaaniga tutvumine.<br \/>\nKonsultatsioon telefoni teel 15 minutit on tasuta.<br \/>\nPakume ka virtuaalseid konsultatsioone.<br \/>\n<em>Meil on hea meel teiega koost\u00f6\u00f6d teha, alustame.<br \/>\n<\/em>T\u00f6\u00f6 iseloomu selgitamiseks saatke hoone v\u00f5i ruumi kirjeldus ja\u00a0 lisage\u00a0 oma\u00a0 soovid\u00a0 v\u00f5i lihtsalt helistage<\/p>\n<p style=\"text-align: justify;\"><img decoding=\"async\" src=\"file:\/\/\/C:\/DOCUME%7E1\/riin\/LOCALS%7E1\/Temp\/moz-screenshot-6.jpg\" alt=\"\" \/><img loading=\"lazy\" decoding=\"async\" class=\"wp-image-467 alignleft\" src=\"http:\/\/www.sisekujundus.eu\/wp-content\/uploads\/35-VALMIS-131-852x1024.jpg\" alt=\"\" width=\"131\" height=\"157\" srcset=\"https:\/\/www.sisekujundus.eu\/wp-content\/uploads\/35-VALMIS-131-852x1024.jpg 852w, https:\/\/www.sisekujundus.eu\/wp-content\/uploads\/35-VALMIS-131-250x300.jpg 250w, https:\/\/www.sisekujundus.eu\/wp-content\/uploads\/35-VALMIS-131-768x923.jpg 768w, https:\/\/www.sisekujundus.eu\/wp-content\/uploads\/35-VALMIS-131-1278x1536.jpg 1278w, https:\/\/www.sisekujundus.eu\/wp-content\/uploads\/35-VALMIS-131-1703x2048.jpg 1703w\" sizes=\"auto, (max-width: 131px) 100vw, 131px\" \/>Heldi Rebane<br \/>\nHR Sisekujundus O\u00dc<br \/>\nRegistrikood: 11295725<br \/>\n<em>\u00a0ruum@sisekujundus.eu<\/em><br \/>\n+372 51 68 148<br \/>\n<a href=\"http:\/\/heldirebane.wordpress.com\/\">http:\/\/heldirebane.wordpress.com<\/a><\/p>\n","protected":false},"excerpt":{"rendered":"<p>V\u00f5ite tellida nii sisekujunduse terviklahenduse koos projekti teostamise ja j\u00e4relvalvega kui ka projekti erinevatele \u00fcksikosadele \/nt. ruumide planeerimine, v\u00e4rvide valik\/. Iga projekt on individuaalne ning\u00a0 t\u00f6\u00f6 maht s\u00f5ltub kujundatava pinna suurusest, ruumide arvust, otstarbest, \u00fclesannete mahust ja keerukusest. Ka konsultatisooni andmiseks on vajalik ruumi ja p\u00f5hiplaaniga tutvumine. Konsultatsioon telefoni teel&#8230;<\/p>\n","protected":false},"author":1,"featured_media":0,"parent":0,"menu_order":0,"comment_status":"closed","ping_status":"closed","template":"","meta":{"footnotes":""},"class_list":["post-11","page","type-page","status-publish","hentry"],"_links":{"self":[{"href":"https:\/\/www.sisekujundus.eu\/index.php?rest_route=\/wp\/v2\/pages\/11","targetHints":{"allow":["GET"]}}],"collection":[{"href":"https:\/\/www.sisekujundus.eu\/index.php?rest_route=\/wp\/v2\/pages"}],"about":[{"href":"https:\/\/www.sisekujundus.eu\/index.php?rest_route=\/wp\/v2\/types\/page"}],"author":[{"embeddable":true,"href":"https:\/\/www.sisekujundus.eu\/index.php?rest_route=\/wp\/v2\/users\/1"}],"replies":[{"embeddable":true,"href":"https:\/\/www.sisekujundus.eu\/index.php?rest_route=%2Fwp%2Fv2%2Fcomments&post=11"}],"version-history":[{"count":37,"href":"https:\/\/www.sisekujundus.eu\/index.php?rest_route=\/wp\/v2\/pages\/11\/revisions"}],"predecessor-version":[{"id":481,"href":"https:\/\/www.sisekujundus.eu\/index.php?rest_route=\/wp\/v2\/pages\/11\/revisions\/481"}],"wp:attachment":[{"href":"https:\/\/www.sisekujundus.eu\/index.php?rest_route=%2Fwp%2Fv2%2Fmedia&parent=11"}],"curies":[{"name":"wp","href":"https:\/\/api.w.org\/{rel}","templated":true}]}}