{"id":3,"date":"2009-09-18T22:55:27","date_gmt":"2009-09-18T19:55:27","guid":{"rendered":"http:\/\/rein.saratow.ee\/wordpress\/?page_id=3"},"modified":"2023-05-25T17:39:31","modified_gmt":"2023-05-25T14:39:31","slug":"kala-kala","status":"publish","type":"page","link":"https:\/\/www.sisekujundus.eu\/?page_id=3","title":{"rendered":"Loomine"},"content":{"rendered":"<p style=\"text-align: justify;\"><strong><em><!--more--><!--more--><!--more--><\/em><\/strong>Sisekujundus algab ruumide planeerimisest. Koos kliendiga selgitatakse ruumide vajadused, kaardistatakse elanike hobid, eluviisid ning luuakse koos \u00fchtne voolav tervik.<br \/>\nTeekonna alguses selgitame ka, milline stiil ja v\u00e4rvid sobivad kokku just teie olemusega.<br \/>\nProfessionaali abi s\u00e4\u00e4stab teie aega, hea planeerimine v\u00f5ib aidata v\u00e4ltida hiljem ilmnevaid vigu.<br \/>\nP\u00e4rast funktsionaalse planeeringu valmimist saavad paika valgustite ja pistikute vajadused ning sanitaartehnika paigutused ja alles siis saab alustada kujundamisega.<br \/>\nIga projekt on individuaalne ning\u00a0 t\u00f6\u00f6 maht s\u00f5ltub kujundatava pinna suurusest, \u00fclesannete mahust ja keerukusest. Ka konsultatisooni andmiseks on vajalik ruumi ja ruumiplaaniga tutvumine.<strong><br \/>\nTervikliku sisekujundusprojekti koostamise protsessi kolm etappi:<\/strong><\/p>\n<ol>\n<li><span style=\"text-decoration: underline;\">m\u00f5istmine ja m\u00e4\u00e4ratlus<\/span>&#8211;\u00a0 koha, hoone ja ruumide vaatlus ning tutvumine kliendi visiooniga<\/li>\n<li><span style=\"text-decoration: underline;\">sisekujunduse eskiisprojekti loomine<\/span>&#8211; p\u00f5him\u00f5tteline sisekujunduse ja ruumiplaneeringu<br \/>\nning\u00a0arendatud ideede l\u00e4bi vaatamine, materjalide\u00a0 ja m\u00f6\u00f6bli kirjeldus<\/li>\n<li><span style=\"text-decoration: underline;\">&#8211; l\u00f5plik kujundus ning teostamine<\/span>&#8211; detailse projekti valmimine<\/li>\n<\/ol>\n<p style=\"text-align: justify;\"><strong>Sisekujundusprojekti\u00a0\u00a0 osad:<\/strong><br \/>\n&#8211; p\u00f5randate ja m\u00f6\u00f6blipaigutuse plaan<br \/>\n&#8211; seinte v\u00e4rvilahendused ja materjalide valik<br \/>\n&#8211; valgustite ja seinakontaktide paigutuse skeem ja l\u00fclitiliinid<br \/>\n&#8211; materjalide valik \/uksed, aknad, p\u00f5randad\/<br \/>\n&#8211; valgustite ja m\u00f6\u00f6bli valik<br \/>\n&#8211; sanitaartehnika valik<br \/>\n&#8211; tekstiilide ja aksessuaaride valik<br \/>\n&#8211; erilahenduste ja eritellimusm\u00f6\u00f6bli joonised<br \/>\n&#8211; 3D joonised<\/p>\n<p style=\"text-align: justify;\"><strong>K\u00f5iki rahuldava l\u00f5pptulemuse eeliseks on tellija ja teostaja koost\u00f6\u00f6 !<\/strong><\/p>\n","protected":false},"excerpt":{"rendered":"","protected":false},"author":1,"featured_media":0,"parent":0,"menu_order":0,"comment_status":"closed","ping_status":"open","template":"","meta":{"footnotes":""},"class_list":["post-3","page","type-page","status-publish","hentry"],"_links":{"self":[{"href":"https:\/\/www.sisekujundus.eu\/index.php?rest_route=\/wp\/v2\/pages\/3","targetHints":{"allow":["GET"]}}],"collection":[{"href":"https:\/\/www.sisekujundus.eu\/index.php?rest_route=\/wp\/v2\/pages"}],"about":[{"href":"https:\/\/www.sisekujundus.eu\/index.php?rest_route=\/wp\/v2\/types\/page"}],"author":[{"embeddable":true,"href":"https:\/\/www.sisekujundus.eu\/index.php?rest_route=\/wp\/v2\/users\/1"}],"replies":[{"embeddable":true,"href":"https:\/\/www.sisekujundus.eu\/index.php?rest_route=%2Fwp%2Fv2%2Fcomments&post=3"}],"version-history":[{"count":24,"href":"https:\/\/www.sisekujundus.eu\/index.php?rest_route=\/wp\/v2\/pages\/3\/revisions"}],"predecessor-version":[{"id":469,"href":"https:\/\/www.sisekujundus.eu\/index.php?rest_route=\/wp\/v2\/pages\/3\/revisions\/469"}],"wp:attachment":[{"href":"https:\/\/www.sisekujundus.eu\/index.php?rest_route=%2Fwp%2Fv2%2Fmedia&parent=3"}],"curies":[{"name":"wp","href":"https:\/\/api.w.org\/{rel}","templated":true}]}}